{"id":400,"date":"2022-12-06T21:29:52","date_gmt":"2022-12-06T20:29:52","guid":{"rendered":"https:\/\/medio.fr\/?page_id=400"},"modified":"2022-12-09T23:13:07","modified_gmt":"2022-12-09T22:13:07","slug":"a-propos","status":"publish","type":"page","link":"https:\/\/medio.fr\/?page_id=400","title":{"rendered":"\u00e0 propos"},"content":{"rendered":"\t\t<div data-elementor-type=\"wp-page\" data-elementor-id=\"400\" class=\"elementor elementor-400\" data-elementor-post-type=\"page\">\n\t\t\t\t\t\t<section class=\"elementor-section elementor-top-section elementor-element elementor-element-7ce531cc elementor-section-content-middle elementor-section-height-min-height elementor-section-boxed elementor-section-height-default elementor-section-items-middle\" data-id=\"7ce531cc\" data-element_type=\"section\" data-e-type=\"section\">\n\t\t\t\t\t\t<div class=\"elementor-container elementor-column-gap-no\">\n\t\t\t\t\t<div class=\"elementor-column elementor-col-100 elementor-top-column elementor-element elementor-element-c3d49\" data-id=\"c3d49\" data-element_type=\"column\" data-e-type=\"column\" data-settings=\"{&quot;background_background&quot;:&quot;classic&quot;}\">\n\t\t\t<div class=\"elementor-widget-wrap elementor-element-populated\">\n\t\t\t\t\t\t<div class=\"elementor-element elementor-element-67265bbd elementor-widget__width-auto elementor-absolute elementor-view-default elementor-widget elementor-widget-icon\" data-id=\"67265bbd\" data-element_type=\"widget\" data-e-type=\"widget\" data-settings=\"{&quot;_position&quot;:&quot;absolute&quot;}\" data-widget_type=\"icon.default\">\n\t\t\t\t<div class=\"elementor-widget-container\">\n\t\t\t\t\t\t\t<div class=\"elementor-icon-wrapper\">\n\t\t\t<div class=\"elementor-icon\">\n\t\t\t<svg xmlns=\"http:\/\/www.w3.org\/2000\/svg\" id=\"b55a705e-0234-472a-b0ea-9b4d795b0458\" data-name=\"Layer 1\" width=\"274\" height=\"274\" viewBox=\"0 0 274 274\"><path d=\"M137,0C61.458,0,0,61.458,0,137S61.458,274,137,274s137-61.458,137-137S212.542,0,137,0Zm0,273C62.0093,273,1,211.99,1,137S62.0093,1,137,1,273,62.0093,273,137,211.99,273,137,273Z\"><\/path><path d=\"M137,46a91,91,0,1,0,91,91A91.1029,91.1029,0,0,0,137,46Zm0,181a90,90,0,1,1,90-90A90.1021,90.1021,0,0,1,137,227Z\"><\/path><\/svg>\t\t\t<\/div>\n\t\t<\/div>\n\t\t\t\t\t\t<\/div>\n\t\t\t\t<\/div>\n\t\t\t\t<div class=\"elementor-element elementor-element-406210cc elementor-widget elementor-widget-heading\" data-id=\"406210cc\" data-element_type=\"widget\" data-e-type=\"widget\" data-widget_type=\"heading.default\">\n\t\t\t\t<div class=\"elementor-widget-container\">\n\t\t\t\t\t<h1 class=\"elementor-heading-title elementor-size-default\">medio<\/h1>\t\t\t\t<\/div>\n\t\t\t\t<\/div>\n\t\t\t\t<div class=\"elementor-element elementor-element-625c96a elementor-widget elementor-widget-text-editor\" data-id=\"625c96a\" data-element_type=\"widget\" data-e-type=\"widget\" data-widget_type=\"text-editor.default\">\n\t\t\t\t<div class=\"elementor-widget-container\">\n\t\t\t\t\t\t\t\t\t<p>Assistance informatique et internet professionnelle<\/p>\t\t\t\t\t\t\t\t<\/div>\n\t\t\t\t<\/div>\n\t\t\t\t\t<\/div>\n\t\t<\/div>\n\t\t\t\t\t<\/div>\n\t\t<\/section>\n\t\t\t\t<section class=\"elementor-section elementor-top-section elementor-element elementor-element-6af9c3d1 elementor-section-content-top elementor-section-boxed elementor-section-height-default elementor-section-height-default\" data-id=\"6af9c3d1\" data-element_type=\"section\" data-e-type=\"section\">\n\t\t\t\t\t\t<div class=\"elementor-container elementor-column-gap-no\">\n\t\t\t\t\t<div class=\"elementor-column elementor-col-50 elementor-top-column elementor-element elementor-element-7fd9401\" data-id=\"7fd9401\" data-element_type=\"column\" data-e-type=\"column\">\n\t\t\t<div class=\"elementor-widget-wrap elementor-element-populated\">\n\t\t\t\t\t\t<div class=\"elementor-element elementor-element-1aaf0310 elementor-widget elementor-widget-heading\" data-id=\"1aaf0310\" data-element_type=\"widget\" data-e-type=\"widget\" data-widget_type=\"heading.default\">\n\t\t\t\t<div class=\"elementor-widget-container\">\n\t\t\t\t\t<h2 class=\"elementor-heading-title elementor-size-default\">votre interlocuteur privil\u00e9gi\u00e9 pour tout probl\u00e8me (PC, Mac ou autre).<\/h2>\t\t\t\t<\/div>\n\t\t\t\t<\/div>\n\t\t\t\t<div class=\"elementor-element elementor-element-a60e6ad elementor-widget elementor-widget-text-editor\" data-id=\"a60e6ad\" data-element_type=\"widget\" data-e-type=\"widget\" data-widget_type=\"text-editor.default\">\n\t\t\t\t<div class=\"elementor-widget-container\">\n\t\t\t\t\t\t\t\t\t<p>Les technologies du num\u00e9riques n\u00e9cessitent des professionnels hautement exp\u00e9riment\u00e9s. Quel que soit votre syst\u00e8me, faites confiance \u00e0 <strong>Medio<\/strong> pour vous apporter les meilleures solutions \u00e0 des prix d\u00e9fiant toute concurrence !<\/p>\t\t\t\t\t\t\t\t<\/div>\n\t\t\t\t<\/div>\n\t\t\t\t\t<\/div>\n\t\t<\/div>\n\t\t\t\t<div class=\"elementor-column elementor-col-50 elementor-top-column elementor-element elementor-element-5bbc38f9\" data-id=\"5bbc38f9\" data-element_type=\"column\" data-e-type=\"column\">\n\t\t\t<div class=\"elementor-widget-wrap elementor-element-populated\">\n\t\t\t\t\t\t<div class=\"elementor-element elementor-element-3dcce3f1 elementor-position-top elementor-widget elementor-widget-image-box\" data-id=\"3dcce3f1\" data-element_type=\"widget\" data-e-type=\"widget\" data-widget_type=\"image-box.default\">\n\t\t\t\t<div class=\"elementor-widget-container\">\n\t\t\t\t\t<div class=\"elementor-image-box-wrapper\"><figure class=\"elementor-image-box-img\"><img fetchpriority=\"high\" decoding=\"async\" width=\"1428\" height=\"1944\" src=\"https:\/\/medio.fr\/wp-content\/uploads\/Krm_Gare-du-Nord.jpg\" class=\"attachment-full size-full wp-image-523\" alt=\"\" srcset=\"https:\/\/medio.fr\/wp-content\/uploads\/Krm_Gare-du-Nord.jpg 1428w, https:\/\/medio.fr\/wp-content\/uploads\/Krm_Gare-du-Nord-220x300.jpg 220w, https:\/\/medio.fr\/wp-content\/uploads\/Krm_Gare-du-Nord-752x1024.jpg 752w, https:\/\/medio.fr\/wp-content\/uploads\/Krm_Gare-du-Nord-110x150.jpg 110w, https:\/\/medio.fr\/wp-content\/uploads\/Krm_Gare-du-Nord-768x1046.jpg 768w, https:\/\/medio.fr\/wp-content\/uploads\/Krm_Gare-du-Nord-1128x1536.jpg 1128w\" sizes=\"(max-width: 1428px) 100vw, 1428px\" \/><\/figure><div class=\"elementor-image-box-content\"><h3 class=\"elementor-image-box-title\">Karim Friha <\/h3><p class=\"elementor-image-box-description\">Avec plus de 20 ans d'exp\u00e9riences dans les technologies num\u00e9riques, je mets \u00e9galement \u00e0 votre service ma patience et mon \u00e9coute attentionn\u00e9e.<\/p><\/div><\/div>\t\t\t\t<\/div>\n\t\t\t\t<\/div>\n\t\t\t\t\t<\/div>\n\t\t<\/div>\n\t\t\t\t\t<\/div>\n\t\t<\/section>\n\t\t\t\t<section class=\"elementor-section elementor-top-section elementor-element elementor-element-11dbdd3 elementor-section-boxed elementor-section-height-default elementor-section-height-default\" data-id=\"11dbdd3\" data-element_type=\"section\" data-e-type=\"section\">\n\t\t\t\t\t\t<div class=\"elementor-container elementor-column-gap-default\">\n\t\t\t\t\t<div class=\"elementor-column elementor-col-100 elementor-top-column elementor-element elementor-element-a3b20f9\" data-id=\"a3b20f9\" data-element_type=\"column\" data-e-type=\"column\">\n\t\t\t<div class=\"elementor-widget-wrap elementor-element-populated\">\n\t\t\t\t\t\t<div class=\"elementor-element elementor-element-cf04723 elementor-widget elementor-widget-spacer\" data-id=\"cf04723\" data-element_type=\"widget\" data-e-type=\"widget\" data-widget_type=\"spacer.default\">\n\t\t\t\t<div class=\"elementor-widget-container\">\n\t\t\t\t\t\t\t<div class=\"elementor-spacer\">\n\t\t\t<div class=\"elementor-spacer-inner\"><\/div>\n\t\t<\/div>\n\t\t\t\t\t\t<\/div>\n\t\t\t\t<\/div>\n\t\t\t\t\t<\/div>\n\t\t<\/div>\n\t\t\t\t\t<\/div>\n\t\t<\/section>\n\t\t\t\t<section class=\"elementor-section elementor-top-section elementor-element elementor-element-492550b3 elementor-section-content-middle elementor-section-boxed elementor-section-height-default elementor-section-height-default\" data-id=\"492550b3\" data-element_type=\"section\" data-e-type=\"section\">\n\t\t\t\t\t\t<div class=\"elementor-container elementor-column-gap-no\">\n\t\t\t\t\t<div class=\"elementor-column elementor-col-100 elementor-top-column elementor-element elementor-element-465e398b\" data-id=\"465e398b\" data-element_type=\"column\" data-e-type=\"column\" data-settings=\"{&quot;background_background&quot;:&quot;classic&quot;}\">\n\t\t\t<div class=\"elementor-widget-wrap elementor-element-populated\">\n\t\t\t\t\t\t<div class=\"elementor-element elementor-element-b3a9202 elementor-widget elementor-widget-heading\" data-id=\"b3a9202\" data-element_type=\"widget\" data-e-type=\"widget\" data-widget_type=\"heading.default\">\n\t\t\t\t<div class=\"elementor-widget-container\">\n\t\t\t\t\t<h6 class=\"elementor-heading-title elementor-size-default\">medio assistance informatique et internet<\/h6>\t\t\t\t<\/div>\n\t\t\t\t<\/div>\n\t\t\t\t<div class=\"elementor-element elementor-element-2be75b4a elementor-widget elementor-widget-heading\" data-id=\"2be75b4a\" data-element_type=\"widget\" data-e-type=\"widget\" data-widget_type=\"heading.default\">\n\t\t\t\t<div class=\"elementor-widget-container\">\n\t\t\t\t\t<h2 class=\"elementor-heading-title elementor-size-default\">Planifiez un rendez-vous sur place \u00e0 votre domicile ou \u00e0 votre bureau et nous vous aiderons avec tous vos probl\u00e8mes et besoins informatiques<\/h2>\t\t\t\t<\/div>\n\t\t\t\t<\/div>\n\t\t\t\t<div class=\"elementor-element elementor-element-6b518793 elementor-mobile-align-center elementor-align-center elementor-widget elementor-widget-button\" data-id=\"6b518793\" data-element_type=\"widget\" data-e-type=\"widget\" data-widget_type=\"button.default\">\n\t\t\t\t<div class=\"elementor-widget-container\">\n\t\t\t\t\t\t\t\t\t<div class=\"elementor-button-wrapper\">\n\t\t\t\t\t<a class=\"elementor-button elementor-button-link elementor-size-sm\" href=\"https:\/\/medio.fr\/?page_id=396\">\n\t\t\t\t\t\t<span class=\"elementor-button-content-wrapper\">\n\t\t\t\t\t\t\t\t\t<span class=\"elementor-button-text\">Demander un devis<\/span>\n\t\t\t\t\t<\/span>\n\t\t\t\t\t<\/a>\n\t\t\t\t<\/div>\n\t\t\t\t\t\t\t\t<\/div>\n\t\t\t\t<\/div>\n\t\t\t\t\t<\/div>\n\t\t<\/div>\n\t\t\t\t\t<\/div>\n\t\t<\/section>\n\t\t\t\t<\/div>\n\t\t","protected":false},"excerpt":{"rendered":"<p>medio Assistance informatique et internet professionnelle votre interlocuteur privil\u00e9gi\u00e9 pour tout probl\u00e8me (PC, Mac ou autre). Les technologies du num\u00e9riques n\u00e9cessitent des professionnels hautement exp\u00e9riment\u00e9s. Quel que soit votre syst\u00e8me, faites confiance \u00e0 Medio pour vous apporter les meilleures solutions \u00e0 des prix d\u00e9fiant toute concurrence ! Karim Friha Avec plus de 20 ans d&rsquo;exp\u00e9riences [&hellip;]<\/p>\n","protected":false},"author":1,"featured_media":0,"parent":0,"menu_order":0,"comment_status":"closed","ping_status":"closed","template":"elementor_header_footer","meta":{"footnotes":""},"class_list":["post-400","page","type-page","status-publish","hentry"],"aioseo_notices":[],"_links":{"self":[{"href":"https:\/\/medio.fr\/index.php?rest_route=\/wp\/v2\/pages\/400","targetHints":{"allow":["GET"]}}],"collection":[{"href":"https:\/\/medio.fr\/index.php?rest_route=\/wp\/v2\/pages"}],"about":[{"href":"https:\/\/medio.fr\/index.php?rest_route=\/wp\/v2\/types\/page"}],"author":[{"embeddable":true,"href":"https:\/\/medio.fr\/index.php?rest_route=\/wp\/v2\/users\/1"}],"replies":[{"embeddable":true,"href":"https:\/\/medio.fr\/index.php?rest_route=%2Fwp%2Fv2%2Fcomments&post=400"}],"version-history":[{"count":19,"href":"https:\/\/medio.fr\/index.php?rest_route=\/wp\/v2\/pages\/400\/revisions"}],"predecessor-version":[{"id":589,"href":"https:\/\/medio.fr\/index.php?rest_route=\/wp\/v2\/pages\/400\/revisions\/589"}],"wp:attachment":[{"href":"https:\/\/medio.fr\/index.php?rest_route=%2Fwp%2Fv2%2Fmedia&parent=400"}],"curies":[{"name":"wp","href":"https:\/\/api.w.org\/{rel}","templated":true}]}}